{"id":14454,"date":"2022-01-26T15:07:02","date_gmt":"2022-01-26T15:07:02","guid":{"rendered":"https:\/\/dentxsolutions.com\/origin-one-dental\/"},"modified":"2022-07-19T10:53:09","modified_gmt":"2022-07-19T10:53:09","slug":"origin-one-dental","status":"publish","type":"page","link":"https:\/\/dentxsolutions.com\/fr\/origin-one-dental\/","title":{"rendered":"ORIGIN ONE DENTAL"},"content":{"rendered":"\t\t<div data-elementor-type=\"wp-page\" data-elementor-id=\"14454\" class=\"elementor elementor-14454\" data-elementor-post-type=\"page\">\n\t\t\t\t\t\t<section class=\"elementor-section elementor-top-section elementor-element elementor-element-64bb4b1 elementor-section-full_width elementor-section-stretched elementor-section-height-default elementor-section-height-default qodef-elementor-content-no\" data-id=\"64bb4b1\" data-element_type=\"section\" data-e-type=\"section\" data-settings=\"{&quot;stretch_section&quot;:&quot;section-stretched&quot;,&quot;background_background&quot;:&quot;classic&quot;}\">\n\t\t\t\t\t\t<div class=\"elementor-container elementor-column-gap-default\">\n\t\t\t\t\t<div class=\"elementor-column elementor-col-100 elementor-top-column elementor-element elementor-element-39a6d19\" data-id=\"39a6d19\" data-element_type=\"column\" data-e-type=\"column\" data-settings=\"{&quot;background_background&quot;:&quot;classic&quot;}\">\n\t\t\t<div class=\"elementor-widget-wrap elementor-element-populated\">\n\t\t\t\t\t\t<div class=\"elementor-element elementor-element-956f7f7 elementor-widget elementor-widget-allsmiles_core_section_title\" data-id=\"956f7f7\" data-element_type=\"widget\" data-e-type=\"widget\" data-widget_type=\"allsmiles_core_section_title.default\">\n\t\t\t\t<div class=\"elementor-widget-container\">\n\t\t\t\t\t<div class=\"qodef-shortcode qodef-m  qodef-section-title qodef-alignment--center \">\n\t\t<div class=\"qodef-m-subtitle\" style=\"color: #FFFFFF\">\n\t\tHardware\t<\/div>\n\t\t<h2 class=\"qodef-m-title\" style=\"color: #FFFFFF\">\n\t\t\t\t\tWhen Production Counts\t\t\t<\/h2>\n\t<\/div>\n\t\t\t\t<\/div>\n\t\t\t\t<\/div>\n\t\t\t\t\t<\/div>\n\t\t<\/div>\n\t\t\t\t\t<\/div>\n\t\t<\/section>\n\t\t\t\t<section class=\"elementor-section elementor-top-section elementor-element elementor-element-0c2db19 elementor-section-boxed elementor-section-height-default elementor-section-height-default qodef-elementor-content-no\" data-id=\"0c2db19\" data-element_type=\"section\" data-e-type=\"section\">\n\t\t\t\t\t\t<div class=\"elementor-container elementor-column-gap-default\">\n\t\t\t\t\t<div class=\"elementor-column elementor-col-100 elementor-top-column elementor-element elementor-element-1364133\" data-id=\"1364133\" data-element_type=\"column\" data-e-type=\"column\">\n\t\t\t<div class=\"elementor-widget-wrap elementor-element-populated\">\n\t\t\t\t\t\t<div class=\"elementor-element elementor-element-9daf686 elementor-widget elementor-widget-text-editor\" data-id=\"9daf686\" data-element_type=\"widget\" data-e-type=\"widget\" data-widget_type=\"text-editor.default\">\n\t\t\t\t<div class=\"elementor-widget-container\">\n\t\t\t\t\t\t\t\t\t<h1 class=\"qodef-m-title\" style=\"text-align: center;\">ORIGIN\u00ae ONE DENTAL<\/h1><p style=\"text-align: center;\">L&rsquo;Origin One Dental offre une grande pr\u00e9cision pour les mod\u00e8les de restauration et d&rsquo;orthodontie. Prix comp\u00e9titifs des r\u00e9sines et haut d\u00e9bit.<br><br><\/p>\t\t\t\t\t\t\t\t<\/div>\n\t\t\t\t<\/div>\n\t\t\t\t\t<\/div>\n\t\t<\/div>\n\t\t\t\t\t<\/div>\n\t\t<\/section>\n\t\t\t\t<section class=\"elementor-section elementor-top-section elementor-element elementor-element-3749fa0 elementor-section-boxed elementor-section-height-default elementor-section-height-default qodef-elementor-content-no\" data-id=\"3749fa0\" data-element_type=\"section\" data-e-type=\"section\">\n\t\t\t\t\t\t<div class=\"elementor-container elementor-column-gap-default\">\n\t\t\t\t\t<div class=\"elementor-column elementor-col-100 elementor-top-column elementor-element elementor-element-b48aec8\" data-id=\"b48aec8\" data-element_type=\"column\" data-e-type=\"column\">\n\t\t\t<div class=\"elementor-widget-wrap elementor-element-populated\">\n\t\t\t\t\t\t<div class=\"elementor-element elementor-element-70a6f83 elementor-widget elementor-widget-heading\" data-id=\"70a6f83\" data-element_type=\"widget\" data-e-type=\"widget\" data-widget_type=\"heading.default\">\n\t\t\t\t<div class=\"elementor-widget-container\">\n\t\t\t\t\t<h4 class=\"elementor-heading-title elementor-size-default\">Comptez sur le temps de fonctionnement, la coh\u00e9rence et la fiabilit\u00e9.<\/h4>\t\t\t\t<\/div>\n\t\t\t\t<\/div>\n\t\t\t\t\t<\/div>\n\t\t<\/div>\n\t\t\t\t\t<\/div>\n\t\t<\/section>\n\t\t\t\t<section class=\"elementor-section elementor-top-section elementor-element elementor-element-4e4e625 elementor-section-boxed elementor-section-height-default elementor-section-height-default qodef-elementor-content-no\" data-id=\"4e4e625\" data-element_type=\"section\" data-e-type=\"section\">\n\t\t\t\t\t\t<div class=\"elementor-container elementor-column-gap-default\">\n\t\t\t\t\t<div class=\"elementor-column elementor-col-100 elementor-top-column elementor-element elementor-element-d532f3d\" data-id=\"d532f3d\" data-element_type=\"column\" data-e-type=\"column\">\n\t\t\t<div class=\"elementor-widget-wrap elementor-element-populated\">\n\t\t\t\t\t\t<div class=\"elementor-element elementor-element-dcd2b24 elementor-widget elementor-widget-spacer\" data-id=\"dcd2b24\" data-element_type=\"widget\" data-e-type=\"widget\" data-widget_type=\"spacer.default\">\n\t\t\t\t<div class=\"elementor-widget-container\">\n\t\t\t\t\t\t\t<div class=\"elementor-spacer\">\n\t\t\t<div class=\"elementor-spacer-inner\"><\/div>\n\t\t<\/div>\n\t\t\t\t\t\t<\/div>\n\t\t\t\t<\/div>\n\t\t\t\t\t<\/div>\n\t\t<\/div>\n\t\t\t\t\t<\/div>\n\t\t<\/section>\n\t\t\t\t<section class=\"elementor-section elementor-top-section elementor-element elementor-element-4d9d70d elementor-section-boxed elementor-section-height-default elementor-section-height-default qodef-elementor-content-no\" data-id=\"4d9d70d\" data-element_type=\"section\" data-e-type=\"section\">\n\t\t\t\t\t\t<div class=\"elementor-container elementor-column-gap-default\">\n\t\t\t\t\t<div class=\"elementor-column elementor-col-33 elementor-top-column elementor-element elementor-element-5484b35\" data-id=\"5484b35\" data-element_type=\"column\" data-e-type=\"column\">\n\t\t\t<div class=\"elementor-widget-wrap elementor-element-populated\">\n\t\t\t\t\t\t<div class=\"elementor-element elementor-element-3317ce9 elementor-widget elementor-widget-allsmiles_core_icon_with_text\" data-id=\"3317ce9\" data-element_type=\"widget\" data-e-type=\"widget\" data-widget_type=\"allsmiles_core_icon_with_text.default\">\n\t\t\t\t<div class=\"elementor-widget-container\">\n\t\t\t\t\t<div class=\"qodef-shortcode qodef-m  qodef-icon-with-text qodef-layout--before-content qodef--custom-icon\">\n\t<div class=\"qodef-m-icon-wrapper\">\n\t\t\t<span class=\"qodef-m-custom-icon\" >\n\t\t\t\t\t<img decoding=\"async\" width=\"100\" height=\"100\" src=\"https:\/\/dentxsolutions.com\/wp-content\/uploads\/2022\/01\/Dental-module.png\" class=\"attachment-full size-full\" alt=\"\" \/>\t\t\t<\/span>\n\t<\/div>\n\t<div class=\"qodef-m-content\">\n\t\t\t<h5 class=\"qodef-m-title\" style=\"color: #174C62\">\n\t\t\t\t\t<span class=\"qodef-m-title-text\">Dental Models<\/span>\n\t\t\t<\/h5>\n\t\t\t<p class=\"qodef-m-text\" >The Origin One Dental has high accuracy for both restorative and Orthodontic models. Competitive resin prices and high throughput.<\/p>\n\t<\/div>\n<\/div>\n\t\t\t\t<\/div>\n\t\t\t\t<\/div>\n\t\t\t\t\t<\/div>\n\t\t<\/div>\n\t\t\t\t<div class=\"elementor-column elementor-col-33 elementor-top-column elementor-element elementor-element-96a946f\" data-id=\"96a946f\" data-element_type=\"column\" data-e-type=\"column\">\n\t\t\t<div class=\"elementor-widget-wrap elementor-element-populated\">\n\t\t\t\t\t\t<div class=\"elementor-element elementor-element-6534899 elementor-widget elementor-widget-allsmiles_core_icon_with_text\" data-id=\"6534899\" data-element_type=\"widget\" data-e-type=\"widget\" data-widget_type=\"allsmiles_core_icon_with_text.default\">\n\t\t\t\t<div class=\"elementor-widget-container\">\n\t\t\t\t\t<div class=\"qodef-shortcode qodef-m  qodef-icon-with-text qodef-layout--before-content qodef--custom-icon\">\n\t<div class=\"qodef-m-icon-wrapper\">\n\t\t\t<span class=\"qodef-m-custom-icon\" >\n\t\t\t\t\t<img decoding=\"async\" width=\"100\" height=\"100\" src=\"https:\/\/dentxsolutions.com\/wp-content\/uploads\/2022\/01\/Splints.png\" class=\"attachment-full size-full\" alt=\"\" \/>\t\t\t<\/span>\n\t<\/div>\n\t<div class=\"qodef-m-content\">\n\t\t\t<h5 class=\"qodef-m-title\" style=\"color: #174C62\">\n\t\t\t\t\t<span class=\"qodef-m-title-text\">Splints<\/span>\n\t\t\t<\/h5>\n\t\t\t<p class=\"qodef-m-text\" >The use of occlusal splints to maintain the integrity of restorative and orthodontic work is quickly becoming the standard of care. Origin One Dental printed splints, night guards, and bleaching trays provide a comfortable fit, and flexibility to engage undercuts with excellent resistance to wear.<\/p>\n\t<\/div>\n<\/div>\n\t\t\t\t<\/div>\n\t\t\t\t<\/div>\n\t\t\t\t\t<\/div>\n\t\t<\/div>\n\t\t\t\t<div class=\"elementor-column elementor-col-33 elementor-top-column elementor-element elementor-element-1f602fd\" data-id=\"1f602fd\" data-element_type=\"column\" data-e-type=\"column\">\n\t\t\t<div class=\"elementor-widget-wrap elementor-element-populated\">\n\t\t\t\t\t\t<div class=\"elementor-element elementor-element-6040eff elementor-widget elementor-widget-allsmiles_core_icon_with_text\" data-id=\"6040eff\" data-element_type=\"widget\" data-e-type=\"widget\" data-widget_type=\"allsmiles_core_icon_with_text.default\">\n\t\t\t\t<div class=\"elementor-widget-container\">\n\t\t\t\t\t<div class=\"qodef-shortcode qodef-m  qodef-icon-with-text qodef-layout--before-content qodef--custom-icon\">\n\t<div class=\"qodef-m-icon-wrapper\">\n\t\t\t<span class=\"qodef-m-custom-icon\" >\n\t\t\t\t\t<img decoding=\"async\" width=\"100\" height=\"100\" src=\"https:\/\/dentxsolutions.com\/wp-content\/uploads\/2022\/01\/Surgical-Guide.png\" class=\"attachment-full size-full\" alt=\"\" \/>\t\t\t<\/span>\n\t<\/div>\n\t<div class=\"qodef-m-content\">\n\t\t\t<h5 class=\"qodef-m-title\" style=\"color: #174C62\">\n\t\t\t\t\t<span class=\"qodef-m-title-text\">Surgical Guides<\/span>\n\t\t\t<\/h5>\n\t\t\t<p class=\"qodef-m-text\" >Fabricate transparent, highly accurate surgical guides to help your customers place implants at the precise angle and depth. Print small batches or full build plates quickly.<\/p>\n\t<\/div>\n<\/div>\n\t\t\t\t<\/div>\n\t\t\t\t<\/div>\n\t\t\t\t\t<\/div>\n\t\t<\/div>\n\t\t\t\t\t<\/div>\n\t\t<\/section>\n\t\t\t\t<section class=\"elementor-section elementor-top-section elementor-element elementor-element-41151ae elementor-section-boxed elementor-section-height-default elementor-section-height-default qodef-elementor-content-no\" data-id=\"41151ae\" data-element_type=\"section\" data-e-type=\"section\">\n\t\t\t\t\t\t<div class=\"elementor-container elementor-column-gap-default\">\n\t\t\t\t\t<div class=\"elementor-column elementor-col-100 elementor-top-column elementor-element elementor-element-91528a7\" data-id=\"91528a7\" data-element_type=\"column\" data-e-type=\"column\">\n\t\t\t<div class=\"elementor-widget-wrap elementor-element-populated\">\n\t\t\t\t\t\t<div class=\"elementor-element elementor-element-f0b1a13 elementor-widget elementor-widget-spacer\" data-id=\"f0b1a13\" data-element_type=\"widget\" data-e-type=\"widget\" data-widget_type=\"spacer.default\">\n\t\t\t\t<div class=\"elementor-widget-container\">\n\t\t\t\t\t\t\t<div class=\"elementor-spacer\">\n\t\t\t<div class=\"elementor-spacer-inner\"><\/div>\n\t\t<\/div>\n\t\t\t\t\t\t<\/div>\n\t\t\t\t<\/div>\n\t\t\t\t\t<\/div>\n\t\t<\/div>\n\t\t\t\t\t<\/div>\n\t\t<\/section>\n\t\t\t\t<section class=\"elementor-section elementor-top-section elementor-element elementor-element-df9d723 elementor-section-boxed elementor-section-height-default elementor-section-height-default qodef-elementor-content-no\" data-id=\"df9d723\" data-element_type=\"section\" data-e-type=\"section\">\n\t\t\t\t\t\t<div class=\"elementor-container elementor-column-gap-default\">\n\t\t\t\t\t<div class=\"elementor-column elementor-col-100 elementor-top-column elementor-element elementor-element-6bc70ed\" data-id=\"6bc70ed\" data-element_type=\"column\" data-e-type=\"column\">\n\t\t\t<div class=\"elementor-widget-wrap elementor-element-populated\">\n\t\t\t\t\t\t<div class=\"elementor-element elementor-element-b018110 elementor-align-center elementor-widget elementor-widget-button\" data-id=\"b018110\" data-element_type=\"widget\" data-e-type=\"widget\" data-widget_type=\"button.default\">\n\t\t\t\t<div class=\"elementor-widget-container\">\n\t\t\t\t\t\t\t\t\t<div class=\"elementor-button-wrapper\">\n\t\t\t\t\t<a class=\"elementor-button elementor-button-link elementor-size-sm\" href=\"https:\/\/dentxsolutions.com\/fr\/?page_id=14459#origin-one\">\n\t\t\t\t\t\t<span class=\"elementor-button-content-wrapper\">\n\t\t\t\t\t\t\t\t\t<span class=\"elementor-button-text\">En savoir plus<\/span>\n\t\t\t\t\t<\/span>\n\t\t\t\t\t<\/a>\n\t\t\t\t<\/div>\n\t\t\t\t\t\t\t\t<\/div>\n\t\t\t\t<\/div>\n\t\t\t\t\t<\/div>\n\t\t<\/div>\n\t\t\t\t\t<\/div>\n\t\t<\/section>\n\t\t\t\t<\/div>\n\t\t","protected":false},"excerpt":{"rendered":"<p>Hardware When Production Counts ORIGIN\u00ae ONE DENTAL L&rsquo;Origin One Dental offre une grande pr\u00e9cision pour les mod\u00e8les de restauration et d&rsquo;orthodontie. Prix comp\u00e9titifs des r\u00e9sines et haut d\u00e9bit. Comptez sur le temps de fonctionnement, la coh\u00e9rence et la fiabilit\u00e9. Dental Models The Origin One Dental has high accuracy for both restorative and Orthodontic models. Competitive [&hellip;]<\/p>\n","protected":false},"author":1,"featured_media":0,"parent":0,"menu_order":0,"comment_status":"closed","ping_status":"closed","template":"","meta":{"_coblocks_attr":"","_coblocks_dimensions":"","_coblocks_responsive_height":"","_coblocks_accordion_ie_support":"","footnotes":""},"class_list":["post-14454","page","type-page","status-publish","hentry"],"yoast_head":"<!-- This site is optimized with the Yoast SEO plugin v27.4 - https:\/\/yoast.com\/product\/yoast-seo-wordpress\/ -->\n<title>ORIGIN ONE DENTAL - Dentx Solutions<\/title>\n<meta name=\"robots\" content=\"index, follow, max-snippet:-1, max-image-preview:large, max-video-preview:-1\" \/>\n<link rel=\"canonical\" href=\"https:\/\/dentxsolutions.com\/fr\/origin-one-dental\/\" \/>\n<meta property=\"og:locale\" content=\"fr_FR\" \/>\n<meta property=\"og:type\" content=\"article\" \/>\n<meta property=\"og:title\" content=\"ORIGIN ONE DENTAL - Dentx Solutions\" \/>\n<meta property=\"og:description\" content=\"Hardware When Production Counts ORIGIN\u00ae ONE DENTAL L&rsquo;Origin One Dental offre une grande pr\u00e9cision pour les mod\u00e8les de restauration et d&rsquo;orthodontie. Prix comp\u00e9titifs des r\u00e9sines et haut d\u00e9bit. Comptez sur le temps de fonctionnement, la coh\u00e9rence et la fiabilit\u00e9. Dental Models The Origin One Dental has high accuracy for both restorative and Orthodontic models. Competitive [&hellip;]\" \/>\n<meta property=\"og:url\" content=\"https:\/\/dentxsolutions.com\/fr\/origin-one-dental\/\" \/>\n<meta property=\"og:site_name\" content=\"Dentx Solutions\" \/>\n<meta property=\"article:publisher\" content=\"https:\/\/www.facebook.com\/profile.php?viewas=100000686899395&amp;id=100065098535411\" \/>\n<meta property=\"article:modified_time\" content=\"2022-07-19T10:53:09+00:00\" \/>\n<meta property=\"og:image\" content=\"https:\/\/dentxsolutions.com\/wp\/wp-content\/uploads\/2022\/01\/Dental-module.png\" \/>\n<meta name=\"twitter:card\" content=\"summary_large_image\" \/>\n<meta name=\"twitter:label1\" content=\"Dur\u00e9e de lecture estim\u00e9e\" \/>\n\t<meta name=\"twitter:data1\" content=\"1 minute\" \/>\n<script type=\"application\/ld+json\" class=\"yoast-schema-graph\">{\"@context\":\"https:\\\/\\\/schema.org\",\"@graph\":[{\"@type\":\"WebPage\",\"@id\":\"https:\\\/\\\/dentxsolutions.com\\\/fr\\\/origin-one-dental\\\/\",\"url\":\"https:\\\/\\\/dentxsolutions.com\\\/fr\\\/origin-one-dental\\\/\",\"name\":\"ORIGIN ONE DENTAL - Dentx Solutions\",\"isPartOf\":{\"@id\":\"https:\\\/\\\/dentxsolutions.com\\\/fr\\\/#website\"},\"primaryImageOfPage\":{\"@id\":\"https:\\\/\\\/dentxsolutions.com\\\/fr\\\/origin-one-dental\\\/#primaryimage\"},\"image\":{\"@id\":\"https:\\\/\\\/dentxsolutions.com\\\/fr\\\/origin-one-dental\\\/#primaryimage\"},\"thumbnailUrl\":\"https:\\\/\\\/dentxsolutions.com\\\/wp\\\/wp-content\\\/uploads\\\/2022\\\/01\\\/Dental-module.png\",\"datePublished\":\"2022-01-26T15:07:02+00:00\",\"dateModified\":\"2022-07-19T10:53:09+00:00\",\"breadcrumb\":{\"@id\":\"https:\\\/\\\/dentxsolutions.com\\\/fr\\\/origin-one-dental\\\/#breadcrumb\"},\"inLanguage\":\"fr-FR\",\"potentialAction\":[{\"@type\":\"ReadAction\",\"target\":[\"https:\\\/\\\/dentxsolutions.com\\\/fr\\\/origin-one-dental\\\/\"]}]},{\"@type\":\"ImageObject\",\"inLanguage\":\"fr-FR\",\"@id\":\"https:\\\/\\\/dentxsolutions.com\\\/fr\\\/origin-one-dental\\\/#primaryimage\",\"url\":\"https:\\\/\\\/dentxsolutions.com\\\/wp\\\/wp-content\\\/uploads\\\/2022\\\/01\\\/Dental-module.png\",\"contentUrl\":\"https:\\\/\\\/dentxsolutions.com\\\/wp\\\/wp-content\\\/uploads\\\/2022\\\/01\\\/Dental-module.png\"},{\"@type\":\"BreadcrumbList\",\"@id\":\"https:\\\/\\\/dentxsolutions.com\\\/fr\\\/origin-one-dental\\\/#breadcrumb\",\"itemListElement\":[{\"@type\":\"ListItem\",\"position\":1,\"name\":\"Home\",\"item\":\"https:\\\/\\\/dentxsolutions.com\\\/fr\\\/\"},{\"@type\":\"ListItem\",\"position\":2,\"name\":\"ORIGIN ONE DENTAL\"}]},{\"@type\":\"WebSite\",\"@id\":\"https:\\\/\\\/dentxsolutions.com\\\/fr\\\/#website\",\"url\":\"https:\\\/\\\/dentxsolutions.com\\\/fr\\\/\",\"name\":\"Dentx Solutions\",\"description\":\"\",\"publisher\":{\"@id\":\"https:\\\/\\\/dentxsolutions.com\\\/fr\\\/#organization\"},\"potentialAction\":[{\"@type\":\"SearchAction\",\"target\":{\"@type\":\"EntryPoint\",\"urlTemplate\":\"https:\\\/\\\/dentxsolutions.com\\\/fr\\\/?s={search_term_string}\"},\"query-input\":{\"@type\":\"PropertyValueSpecification\",\"valueRequired\":true,\"valueName\":\"search_term_string\"}}],\"inLanguage\":\"fr-FR\"},{\"@type\":\"Organization\",\"@id\":\"https:\\\/\\\/dentxsolutions.com\\\/fr\\\/#organization\",\"name\":\"Dentx Solutions\",\"url\":\"https:\\\/\\\/dentxsolutions.com\\\/fr\\\/\",\"logo\":{\"@type\":\"ImageObject\",\"inLanguage\":\"fr-FR\",\"@id\":\"https:\\\/\\\/dentxsolutions.com\\\/fr\\\/#\\\/schema\\\/logo\\\/image\\\/\",\"url\":\"https:\\\/\\\/dentxsolutions.com\\\/wp-content\\\/uploads\\\/2021\\\/12\\\/DentX_Logo_Icon-02-e1640605913277.png\",\"contentUrl\":\"https:\\\/\\\/dentxsolutions.com\\\/wp-content\\\/uploads\\\/2021\\\/12\\\/DentX_Logo_Icon-02-e1640605913277.png\",\"width\":511,\"height\":302,\"caption\":\"Dentx Solutions\"},\"image\":{\"@id\":\"https:\\\/\\\/dentxsolutions.com\\\/fr\\\/#\\\/schema\\\/logo\\\/image\\\/\"},\"sameAs\":[\"https:\\\/\\\/www.facebook.com\\\/profile.php?viewas=100000686899395&id=100065098535411\"]}]}<\/script>\n<!-- \/ Yoast SEO plugin. -->","yoast_head_json":{"title":"ORIGIN ONE DENTAL - Dentx Solutions","robots":{"index":"index","follow":"follow","max-snippet":"max-snippet:-1","max-image-preview":"max-image-preview:large","max-video-preview":"max-video-preview:-1"},"canonical":"https:\/\/dentxsolutions.com\/fr\/origin-one-dental\/","og_locale":"fr_FR","og_type":"article","og_title":"ORIGIN ONE DENTAL - Dentx Solutions","og_description":"Hardware When Production Counts ORIGIN\u00ae ONE DENTAL L&rsquo;Origin One Dental offre une grande pr\u00e9cision pour les mod\u00e8les de restauration et d&rsquo;orthodontie. Prix comp\u00e9titifs des r\u00e9sines et haut d\u00e9bit. Comptez sur le temps de fonctionnement, la coh\u00e9rence et la fiabilit\u00e9. Dental Models The Origin One Dental has high accuracy for both restorative and Orthodontic models. Competitive [&hellip;]","og_url":"https:\/\/dentxsolutions.com\/fr\/origin-one-dental\/","og_site_name":"Dentx Solutions","article_publisher":"https:\/\/www.facebook.com\/profile.php?viewas=100000686899395&id=100065098535411","article_modified_time":"2022-07-19T10:53:09+00:00","og_image":[{"url":"https:\/\/dentxsolutions.com\/wp\/wp-content\/uploads\/2022\/01\/Dental-module.png","type":"","width":"","height":""}],"twitter_card":"summary_large_image","twitter_misc":{"Dur\u00e9e de lecture estim\u00e9e":"1 minute"},"schema":{"@context":"https:\/\/schema.org","@graph":[{"@type":"WebPage","@id":"https:\/\/dentxsolutions.com\/fr\/origin-one-dental\/","url":"https:\/\/dentxsolutions.com\/fr\/origin-one-dental\/","name":"ORIGIN ONE DENTAL - Dentx Solutions","isPartOf":{"@id":"https:\/\/dentxsolutions.com\/fr\/#website"},"primaryImageOfPage":{"@id":"https:\/\/dentxsolutions.com\/fr\/origin-one-dental\/#primaryimage"},"image":{"@id":"https:\/\/dentxsolutions.com\/fr\/origin-one-dental\/#primaryimage"},"thumbnailUrl":"https:\/\/dentxsolutions.com\/wp\/wp-content\/uploads\/2022\/01\/Dental-module.png","datePublished":"2022-01-26T15:07:02+00:00","dateModified":"2022-07-19T10:53:09+00:00","breadcrumb":{"@id":"https:\/\/dentxsolutions.com\/fr\/origin-one-dental\/#breadcrumb"},"inLanguage":"fr-FR","potentialAction":[{"@type":"ReadAction","target":["https:\/\/dentxsolutions.com\/fr\/origin-one-dental\/"]}]},{"@type":"ImageObject","inLanguage":"fr-FR","@id":"https:\/\/dentxsolutions.com\/fr\/origin-one-dental\/#primaryimage","url":"https:\/\/dentxsolutions.com\/wp\/wp-content\/uploads\/2022\/01\/Dental-module.png","contentUrl":"https:\/\/dentxsolutions.com\/wp\/wp-content\/uploads\/2022\/01\/Dental-module.png"},{"@type":"BreadcrumbList","@id":"https:\/\/dentxsolutions.com\/fr\/origin-one-dental\/#breadcrumb","itemListElement":[{"@type":"ListItem","position":1,"name":"Home","item":"https:\/\/dentxsolutions.com\/fr\/"},{"@type":"ListItem","position":2,"name":"ORIGIN ONE DENTAL"}]},{"@type":"WebSite","@id":"https:\/\/dentxsolutions.com\/fr\/#website","url":"https:\/\/dentxsolutions.com\/fr\/","name":"Dentx Solutions","description":"","publisher":{"@id":"https:\/\/dentxsolutions.com\/fr\/#organization"},"potentialAction":[{"@type":"SearchAction","target":{"@type":"EntryPoint","urlTemplate":"https:\/\/dentxsolutions.com\/fr\/?s={search_term_string}"},"query-input":{"@type":"PropertyValueSpecification","valueRequired":true,"valueName":"search_term_string"}}],"inLanguage":"fr-FR"},{"@type":"Organization","@id":"https:\/\/dentxsolutions.com\/fr\/#organization","name":"Dentx Solutions","url":"https:\/\/dentxsolutions.com\/fr\/","logo":{"@type":"ImageObject","inLanguage":"fr-FR","@id":"https:\/\/dentxsolutions.com\/fr\/#\/schema\/logo\/image\/","url":"https:\/\/dentxsolutions.com\/wp-content\/uploads\/2021\/12\/DentX_Logo_Icon-02-e1640605913277.png","contentUrl":"https:\/\/dentxsolutions.com\/wp-content\/uploads\/2021\/12\/DentX_Logo_Icon-02-e1640605913277.png","width":511,"height":302,"caption":"Dentx Solutions"},"image":{"@id":"https:\/\/dentxsolutions.com\/fr\/#\/schema\/logo\/image\/"},"sameAs":["https:\/\/www.facebook.com\/profile.php?viewas=100000686899395&id=100065098535411"]}]}},"_links":{"self":[{"href":"https:\/\/dentxsolutions.com\/fr\/wp-json\/wp\/v2\/pages\/14454","targetHints":{"allow":["GET"]}}],"collection":[{"href":"https:\/\/dentxsolutions.com\/fr\/wp-json\/wp\/v2\/pages"}],"about":[{"href":"https:\/\/dentxsolutions.com\/fr\/wp-json\/wp\/v2\/types\/page"}],"author":[{"embeddable":true,"href":"https:\/\/dentxsolutions.com\/fr\/wp-json\/wp\/v2\/users\/1"}],"replies":[{"embeddable":true,"href":"https:\/\/dentxsolutions.com\/fr\/wp-json\/wp\/v2\/comments?post=14454"}],"version-history":[{"count":4,"href":"https:\/\/dentxsolutions.com\/fr\/wp-json\/wp\/v2\/pages\/14454\/revisions"}],"predecessor-version":[{"id":14613,"href":"https:\/\/dentxsolutions.com\/fr\/wp-json\/wp\/v2\/pages\/14454\/revisions\/14613"}],"wp:attachment":[{"href":"https:\/\/dentxsolutions.com\/fr\/wp-json\/wp\/v2\/media?parent=14454"}],"curies":[{"name":"wp","href":"https:\/\/api.w.org\/{rel}","templated":true}]}}