{"id":14437,"date":"2022-01-24T04:18:32","date_gmt":"2022-01-24T04:18:32","guid":{"rendered":"https:\/\/dentxsolutions.com\/logiciel-2\/"},"modified":"2022-07-13T13:05:53","modified_gmt":"2022-07-13T13:05:53","slug":"logiciel-2","status":"publish","type":"page","link":"https:\/\/dentxsolutions.com\/fr\/logiciel-2\/","title":{"rendered":"Logiciel"},"content":{"rendered":"\t\t<div data-elementor-type=\"wp-page\" data-elementor-id=\"14437\" class=\"elementor elementor-14437\" data-elementor-post-type=\"page\">\n\t\t\t\t\t\t<section class=\"elementor-section elementor-top-section elementor-element elementor-element-3795e9e qodef-elementor-content-grid elementor-section-full_width elementor-section-stretched elementor-section-height-default elementor-section-height-default\" data-id=\"3795e9e\" data-element_type=\"section\" data-e-type=\"section\" data-settings=\"{&quot;background_background&quot;:&quot;classic&quot;,&quot;stretch_section&quot;:&quot;section-stretched&quot;}\">\n\t\t\t\t\t\t<div class=\"elementor-container elementor-column-gap-default\">\n\t\t\t\t\t<div class=\"elementor-column elementor-col-100 elementor-top-column elementor-element elementor-element-06084a7\" data-id=\"06084a7\" data-element_type=\"column\" data-e-type=\"column\">\n\t\t\t<div class=\"elementor-widget-wrap elementor-element-populated\">\n\t\t\t\t\t\t<div class=\"elementor-element elementor-element-4b44c44 elementor-widget elementor-widget-allsmiles_core_section_title\" data-id=\"4b44c44\" data-element_type=\"widget\" data-e-type=\"widget\" data-widget_type=\"allsmiles_core_section_title.default\">\n\t\t\t\t<div class=\"elementor-widget-container\">\n\t\t\t\t\t<div class=\"qodef-shortcode qodef-m  qodef-section-title qodef-alignment--center \">\n\t\t\t<h2 class=\"qodef-m-title\" style=\"color: #FFFFFF\">\n\t\t\t\t\tVotre libert\u00e9 est notre passion.\t\t\t<\/h2>\n\t\t<h2 class=\"qodef-m-text\" style=\"color: #FFFFFF\">\n\t\tLogiciel de CAO\/FAO dentaire innovant.\t<\/h2>\n<\/div>\n\t\t\t\t<\/div>\n\t\t\t\t<\/div>\n\t\t\t\t\t<\/div>\n\t\t<\/div>\n\t\t\t\t\t<\/div>\n\t\t<\/section>\n\t\t\t\t<section class=\"elementor-section elementor-top-section elementor-element elementor-element-a9a89a1 qodef-elementor-content-grid elementor-section-boxed elementor-section-height-default elementor-section-height-default\" data-id=\"a9a89a1\" data-element_type=\"section\" data-e-type=\"section\" id=\"exocad\">\n\t\t\t\t\t\t<div class=\"elementor-container elementor-column-gap-default\">\n\t\t\t\t\t<div class=\"elementor-column elementor-col-50 elementor-top-column elementor-element elementor-element-64c7886\" data-id=\"64c7886\" data-element_type=\"column\" data-e-type=\"column\">\n\t\t\t<div class=\"elementor-widget-wrap elementor-element-populated\">\n\t\t\t\t\t\t<div class=\"elementor-element elementor-element-da0ae22 elementor-widget elementor-widget-image\" data-id=\"da0ae22\" data-element_type=\"widget\" data-e-type=\"widget\" id=\"exoplan\" data-widget_type=\"image.default\">\n\t\t\t\t<div class=\"elementor-widget-container\">\n\t\t\t\t\t\t\t\t\t\t\t\t\t\t\t<img fetchpriority=\"high\" decoding=\"async\" width=\"1000\" height=\"687\" src=\"https:\/\/dentxsolutions.com\/wp-content\/uploads\/2022\/06\/exocad-logo-purple-CMYK-2.png\" class=\"attachment-full size-full wp-image-13812\" alt=\"\" srcset=\"https:\/\/dentxsolutions.com\/wp-content\/uploads\/2022\/06\/exocad-logo-purple-CMYK-2.png 1000w, https:\/\/dentxsolutions.com\/wp-content\/uploads\/2022\/06\/exocad-logo-purple-CMYK-2-300x206.png 300w, https:\/\/dentxsolutions.com\/wp-content\/uploads\/2022\/06\/exocad-logo-purple-CMYK-2-768x528.png 768w\" sizes=\"(max-width: 1000px) 100vw, 1000px\" \/>\t\t\t\t\t\t\t\t\t\t\t\t\t\t\t<\/div>\n\t\t\t\t<\/div>\n\t\t\t\t\t<\/div>\n\t\t<\/div>\n\t\t\t\t<div class=\"elementor-column elementor-col-50 elementor-top-column elementor-element elementor-element-fe2a808\" data-id=\"fe2a808\" data-element_type=\"column\" data-e-type=\"column\">\n\t\t\t<div class=\"elementor-widget-wrap elementor-element-populated\">\n\t\t\t\t\t\t<div class=\"elementor-element elementor-element-c86663d elementor-widget__width-initial elementor-widget-tablet__width-inherit elementor-widget-mobile__width-inherit elementor-widget elementor-widget-allsmiles_core_section_title\" data-id=\"c86663d\" data-element_type=\"widget\" data-e-type=\"widget\" data-widget_type=\"allsmiles_core_section_title.default\">\n\t\t\t\t<div class=\"elementor-widget-container\">\n\t\t\t\t\t<div class=\"qodef-shortcode qodef-m  qodef-section-title qodef-alignment--left \">\n\t\t\t<h3 class=\"qodef-m-title\" style=\"color: #99AEBB\">\n\t\t\t\t\t\u00c0 propos d'exocad\t\t\t<\/h3>\n\t\t<p class=\"qodef-m-text\" >\n\t\texocad est une soci\u00e9t\u00e9 de logiciels de CFAO dentaire dynamique et innovante.\nexocad GmbH s&#039;engage \u00e0 \u00e9largir les possibilit\u00e9s de la dentisterie num\u00e9rique et \u00e0 fournir \u00e0 ses partenaires de distribution des logiciels flexibles, fiables et faciles \u00e0 utiliser. La technologie d&#039;exocad permet aux int\u00e9grateurs de syst\u00e8mes de transformer les \u00e9quipements en solutions compl\u00e8tes de pointe.\t<\/p>\n<\/div>\n\t\t\t\t<\/div>\n\t\t\t\t<\/div>\n\t\t\t\t<div class=\"elementor-element elementor-element-eeb0c1b elementor-widget elementor-widget-allsmiles_core_icon_list_item\" data-id=\"eeb0c1b\" data-element_type=\"widget\" data-e-type=\"widget\" data-widget_type=\"allsmiles_core_icon_list_item.default\">\n\t\t\t\t<div class=\"elementor-widget-container\">\n\t\t\t\t\t<div class=\"qodef-icon-list-item qodef-icon--custom-icon\" >\n\t<p class=\"qodef-e-title\" >\n\t\t\t\t\t<span class=\"qodef-e-title-inner\">\n\t\t\t\t\t\t\t\t<span class=\"qodef-e-title-text\">- Votre libert\u00e9 est notre passion - Cette philosophie est au c\u0153ur de tout ce que fait exocad : la mission est d'\u00e9largir les possibilit\u00e9s de la dentisterie num\u00e9rique avec ses solutions logicielles ouvertes et ind\u00e9pendantes du mat\u00e9riel.<\/span>\n\t\t\t<\/span>\n\t\t\t<\/p>\n<\/div>\n\t\t\t\t<\/div>\n\t\t\t\t<\/div>\n\t\t\t\t<div class=\"elementor-element elementor-element-c3644dc elementor-widget__width-initial elementor-widget-tablet__width-inherit bullets elementor-widget elementor-widget-text-editor\" data-id=\"c3644dc\" data-element_type=\"widget\" data-e-type=\"widget\" data-widget_type=\"text-editor.default\">\n\t\t\t\t<div class=\"elementor-widget-container\">\n\t\t\t\t\t\t\t\t\t<ul>\n \t<li>Plus de 10 ans de succ\u00e8s<\/li>\n \t<li>Plus de 150 pays avec des utilisateurs travaillant avec des produits exocad<\/li>\n \t<li>Plus de 45 000 installations dans le monde<\/li>\n<\/ul>\t\t\t\t\t\t\t\t<\/div>\n\t\t\t\t<\/div>\n\t\t\t\t\t<\/div>\n\t\t<\/div>\n\t\t\t\t\t<\/div>\n\t\t<\/section>\n\t\t\t\t<section class=\"elementor-section elementor-top-section elementor-element elementor-element-8cd3db0 elementor-reverse-tablet elementor-reverse-mobile qodef-elementor-content-grid elementor-section-boxed elementor-section-height-default elementor-section-height-default\" data-id=\"8cd3db0\" data-element_type=\"section\" data-e-type=\"section\">\n\t\t\t\t\t\t<div class=\"elementor-container elementor-column-gap-default\">\n\t\t\t\t\t<div class=\"elementor-column elementor-col-50 elementor-top-column elementor-element elementor-element-3388968\" data-id=\"3388968\" data-element_type=\"column\" data-e-type=\"column\" id=\"dentalcad\">\n\t\t\t<div class=\"elementor-widget-wrap elementor-element-populated\">\n\t\t\t\t\t\t<div class=\"elementor-element elementor-element-85368a7 elementor-widget__width-initial elementor-widget-tablet__width-inherit elementor-widget-mobile__width-inherit elementor-widget elementor-widget-allsmiles_core_section_title\" data-id=\"85368a7\" data-element_type=\"widget\" data-e-type=\"widget\" data-widget_type=\"allsmiles_core_section_title.default\">\n\t\t\t\t<div class=\"elementor-widget-container\">\n\t\t\t\t\t<div class=\"qodef-shortcode qodef-m  qodef-section-title qodef-alignment--left \">\n\t\t\t<h3 class=\"qodef-m-title\" style=\"color: #99AEBB\">\n\t\t\t\t\tDentalCAD\t\t\t<\/h3>\n\t\t<p class=\"qodef-m-text\" >\n\t\tAUGMENTEZ VOTRE PRODUCTIVIT\u00c9 CONCEPTION CAO.\t<\/p>\n<\/div>\n\t\t\t\t<\/div>\n\t\t\t\t<\/div>\n\t\t\t\t<div class=\"elementor-element elementor-element-5dc6bdd elementor-widget__width-initial elementor-widget-tablet__width-inherit elementor-widget elementor-widget-text-editor\" data-id=\"5dc6bdd\" data-element_type=\"widget\" data-e-type=\"widget\" data-widget_type=\"text-editor.default\">\n\t\t\t\t<div class=\"elementor-widget-container\">\n\t\t\t\t\t\t\t\t\t<p>Simplifiez le processus de communication entre les laboratoires et les dentistes avec notre logiciel de CAO. DentalCAD d&rsquo;exocad est connu pour ses flux de travail fluides et sa facilit\u00e9 d&rsquo;utilisation pour tous !<\/p><p>Pour rendre DentalCAD aussi puissant que possible, les ing\u00e9nieurs d&rsquo;exocad s&rsquo;appuient sur les derni\u00e8res recherches sur la mod\u00e9lisation organique et restent en conversation \u00e9troite avec les parties prenantes les plus importantes &#8211; vous ! La technologie robuste cr\u00e9\u00e9e par DentalCAD en r\u00e9ponse \u00e0 vos besoins rationalise m\u00eame les cas les plus complexes.<\/p>\t\t\t\t\t\t\t\t<\/div>\n\t\t\t\t<\/div>\n\t\t\t\t<div class=\"elementor-element elementor-element-a412bda elementor-widget elementor-widget-html\" data-id=\"a412bda\" data-element_type=\"widget\" data-e-type=\"widget\" data-widget_type=\"html.default\">\n\t\t\t\t<div class=\"elementor-widget-container\">\n\t\t\t\t\t<a class=\"qodef-shortcode qodef-m qodef-button qodef-layout--textual qodef-html--link dentalcad_brochure_fr\">\n\t<span class=\"qodef-m-text\">T\u00e9l\u00e9charger la brochure  <\/span>\n\t<svg xmlns=\"http:\/\/www.w3.org\/2000\/svg\" xmlns:xlink=\"http:\/\/www.w3.org\/1999\/xlink\" viewbox=\"0 0 38.3 38.3\" class=\"qodef-decoration\"><path d=\"M1.1,19.1c0,9.9,8.1,18,18,18s18-8.1,18-18s-8.1-18-18-18S1.1,9.2,1.1,19.1L1.1,19.1z\"><\/path><path class=\"round\" d=\"M1.1,19.1c0,9.9,8.1,18,18,18s18-8.1,18-18s-8.1-18-18-18S1.1,9.2,1.1,19.1L1.1,19.1z\"><\/path><polyline points=\"16.4,24.6 21.9,19.1 16.4,13.7\"><\/polyline><\/svg><\/a>\t\t\t\t<\/div>\n\t\t\t\t<\/div>\n\t\t\t\t\t<\/div>\n\t\t<\/div>\n\t\t\t\t<div class=\"elementor-column elementor-col-50 elementor-top-column elementor-element elementor-element-c698bba\" data-id=\"c698bba\" data-element_type=\"column\" data-e-type=\"column\">\n\t\t\t<div class=\"elementor-widget-wrap elementor-element-populated\">\n\t\t\t\t\t\t<div class=\"elementor-element elementor-element-92f3a83 elementor-widget elementor-widget-image\" data-id=\"92f3a83\" data-element_type=\"widget\" data-e-type=\"widget\" data-widget_type=\"image.default\">\n\t\t\t\t<div class=\"elementor-widget-container\">\n\t\t\t\t\t\t\t\t\t\t\t\t\t\t\t<img decoding=\"async\" width=\"780\" height=\"520\" src=\"https:\/\/dentxsolutions.com\/wp-content\/uploads\/2022\/01\/DentalCAD.png\" class=\"attachment-full size-full wp-image-11431\" alt=\"\" srcset=\"https:\/\/dentxsolutions.com\/wp-content\/uploads\/2022\/01\/DentalCAD.png 780w, https:\/\/dentxsolutions.com\/wp-content\/uploads\/2022\/01\/DentalCAD-300x200.png 300w, https:\/\/dentxsolutions.com\/wp-content\/uploads\/2022\/01\/DentalCAD-768x512.png 768w, https:\/\/dentxsolutions.com\/wp-content\/uploads\/2022\/01\/DentalCAD-600x400.png 600w\" sizes=\"(max-width: 780px) 100vw, 780px\" \/>\t\t\t\t\t\t\t\t\t\t\t\t\t\t\t<\/div>\n\t\t\t\t<\/div>\n\t\t\t\t\t<\/div>\n\t\t<\/div>\n\t\t\t\t\t<\/div>\n\t\t<\/section>\n\t\t\t\t<section class=\"elementor-section elementor-top-section elementor-element elementor-element-7541de5 qodef-elementor-content-grid elementor-section-boxed elementor-section-height-default elementor-section-height-default\" data-id=\"7541de5\" data-element_type=\"section\" data-e-type=\"section\" id=\"exoplan-exo\">\n\t\t\t\t\t\t<div class=\"elementor-container elementor-column-gap-default\">\n\t\t\t\t\t<div class=\"elementor-column elementor-col-50 elementor-top-column elementor-element elementor-element-2495a73\" data-id=\"2495a73\" data-element_type=\"column\" data-e-type=\"column\">\n\t\t\t<div class=\"elementor-widget-wrap elementor-element-populated\">\n\t\t\t\t\t\t<div class=\"elementor-element elementor-element-63f07a6 elementor-widget elementor-widget-image\" data-id=\"63f07a6\" data-element_type=\"widget\" data-e-type=\"widget\" data-widget_type=\"image.default\">\n\t\t\t\t<div class=\"elementor-widget-container\">\n\t\t\t\t\t\t\t\t\t\t\t\t\t\t\t<img decoding=\"async\" width=\"1924\" height=\"1538\" src=\"https:\/\/dentxsolutions.com\/wp-content\/uploads\/2022\/06\/exoplan-1.png\" class=\"attachment-full size-full wp-image-13813\" alt=\"\" srcset=\"https:\/\/dentxsolutions.com\/wp-content\/uploads\/2022\/06\/exoplan-1.png 1924w, https:\/\/dentxsolutions.com\/wp-content\/uploads\/2022\/06\/exoplan-1-300x240.png 300w, https:\/\/dentxsolutions.com\/wp-content\/uploads\/2022\/06\/exoplan-1-1024x819.png 1024w, https:\/\/dentxsolutions.com\/wp-content\/uploads\/2022\/06\/exoplan-1-768x614.png 768w, https:\/\/dentxsolutions.com\/wp-content\/uploads\/2022\/06\/exoplan-1-1536x1228.png 1536w\" sizes=\"(max-width: 1924px) 100vw, 1924px\" \/>\t\t\t\t\t\t\t\t\t\t\t\t\t\t\t<\/div>\n\t\t\t\t<\/div>\n\t\t\t\t\t<\/div>\n\t\t<\/div>\n\t\t\t\t<div class=\"elementor-column elementor-col-50 elementor-top-column elementor-element elementor-element-a2bef5c\" data-id=\"a2bef5c\" data-element_type=\"column\" data-e-type=\"column\">\n\t\t\t<div class=\"elementor-widget-wrap elementor-element-populated\">\n\t\t\t\t\t\t<div class=\"elementor-element elementor-element-603d194 elementor-widget__width-initial elementor-widget-tablet__width-inherit elementor-widget-mobile__width-inherit elementor-widget elementor-widget-allsmiles_core_section_title\" data-id=\"603d194\" data-element_type=\"widget\" data-e-type=\"widget\" data-widget_type=\"allsmiles_core_section_title.default\">\n\t\t\t\t<div class=\"elementor-widget-container\">\n\t\t\t\t\t<div class=\"qodef-shortcode qodef-m  qodef-section-title qodef-alignment--left \">\n\t\t\t<h2 class=\"qodef-m-title\" style=\"color: #99AEBB\">\n\t\t\t\t\texoplan \t\t\t<\/h2>\n\t\t<p class=\"qodef-m-text\" >\n\t\tINNOVANT, INTUITIF, INT\u00c9GR\u00c9.\t<\/p>\n<\/div>\n\t\t\t\t<\/div>\n\t\t\t\t<\/div>\n\t\t\t\t<div class=\"elementor-element elementor-element-0059278 elementor-widget__width-initial elementor-widget-tablet__width-inherit elementor-widget elementor-widget-text-editor\" data-id=\"0059278\" data-element_type=\"widget\" data-e-type=\"widget\" id=\"exoplan\" data-widget_type=\"text-editor.default\">\n\t\t\t\t<div class=\"elementor-widget-container\">\n\t\t\t\t\t\t\t\t\t<h5><span style=\"color: #8a8a8a; font-family: 'Open Sans', sans-serif; font-size: 15px; font-weight: 400;\">D\u00e9couvrez notre puissant logiciel de planification d&rsquo;implants et de conception de guides chirurgicaux exoplan, cr\u00e9\u00e9 pour offrir aux laboratoires dentaires, aux dentistes, aux sp\u00e9cialistes des implants et aux chirurgiens une flexibilit\u00e9 maximale. Bas\u00e9 sur la plate-forme renomm\u00e9e exocad, exoplan garantit un flux de travail num\u00e9rique transparent ainsi que la convivialit\u00e9 et les performances les plus \u00e9lev\u00e9es.<\/span><\/h5>\t\t\t\t\t\t\t\t<\/div>\n\t\t\t\t<\/div>\n\t\t\t\t<div class=\"elementor-element elementor-element-2d944e4 elementor-widget elementor-widget-html\" data-id=\"2d944e4\" data-element_type=\"widget\" data-e-type=\"widget\" data-widget_type=\"html.default\">\n\t\t\t\t<div class=\"elementor-widget-container\">\n\t\t\t\t\t<a class=\"qodef-shortcode qodef-m qodef-button qodef-layout--textual qodef-html--link exoplan_brochure_fr\">\n\t<span class=\"qodef-m-text\">T\u00e9l\u00e9charger la brochure  <\/span>\n\t<svg xmlns=\"http:\/\/www.w3.org\/2000\/svg\" xmlns:xlink=\"http:\/\/www.w3.org\/1999\/xlink\" viewbox=\"0 0 38.3 38.3\" class=\"qodef-decoration\"><path d=\"M1.1,19.1c0,9.9,8.1,18,18,18s18-8.1,18-18s-8.1-18-18-18S1.1,9.2,1.1,19.1L1.1,19.1z\"><\/path><path class=\"round\" d=\"M1.1,19.1c0,9.9,8.1,18,18,18s18-8.1,18-18s-8.1-18-18-18S1.1,9.2,1.1,19.1L1.1,19.1z\"><\/path><polyline points=\"16.4,24.6 21.9,19.1 16.4,13.7\"><\/polyline><\/svg><\/a>\t\t\t\t<\/div>\n\t\t\t\t<\/div>\n\t\t\t\t\t<\/div>\n\t\t<\/div>\n\t\t\t\t\t<\/div>\n\t\t<\/section>\n\t\t\t\t<\/div>\n\t\t","protected":false},"excerpt":{"rendered":"<p>Votre libert\u00e9 est notre passion. Logiciel de CAO\/FAO dentaire innovant. \u00c0 propos d&rsquo;exocad exocad est une soci\u00e9t\u00e9 de logiciels de CFAO dentaire dynamique et innovante. exocad GmbH s&#039;engage \u00e0 \u00e9largir les possibilit\u00e9s de la dentisterie num\u00e9rique et \u00e0 fournir \u00e0 ses partenaires de distribution des logiciels flexibles, fiables et faciles \u00e0 utiliser. La technologie d&#039;exocad [&hellip;]<\/p>\n","protected":false},"author":1,"featured_media":0,"parent":0,"menu_order":0,"comment_status":"closed","ping_status":"closed","template":"page-full-width.php","meta":{"_coblocks_attr":"","_coblocks_dimensions":"","_coblocks_responsive_height":"","_coblocks_accordion_ie_support":"","footnotes":""},"class_list":["post-14437","page","type-page","status-publish","hentry"],"yoast_head":"<!-- This site is optimized with the Yoast SEO plugin v27.5 - https:\/\/yoast.com\/product\/yoast-seo-wordpress\/ -->\n<title>Logiciel - Dentx Solutions<\/title>\n<meta name=\"robots\" content=\"index, follow, max-snippet:-1, max-image-preview:large, max-video-preview:-1\" \/>\n<link rel=\"canonical\" href=\"https:\/\/dentxsolutions.com\/fr\/logiciel-2\/\" \/>\n<meta property=\"og:locale\" content=\"fr_FR\" \/>\n<meta property=\"og:type\" content=\"article\" \/>\n<meta property=\"og:title\" content=\"Logiciel - Dentx Solutions\" \/>\n<meta property=\"og:description\" content=\"Votre libert\u00e9 est notre passion. Logiciel de CAO\/FAO dentaire innovant. \u00c0 propos d&rsquo;exocad exocad est une soci\u00e9t\u00e9 de logiciels de CFAO dentaire dynamique et innovante. exocad GmbH s&#039;engage \u00e0 \u00e9largir les possibilit\u00e9s de la dentisterie num\u00e9rique et \u00e0 fournir \u00e0 ses partenaires de distribution des logiciels flexibles, fiables et faciles \u00e0 utiliser. La technologie d&#039;exocad [&hellip;]\" \/>\n<meta property=\"og:url\" content=\"https:\/\/dentxsolutions.com\/fr\/logiciel-2\/\" \/>\n<meta property=\"og:site_name\" content=\"Dentx Solutions\" \/>\n<meta property=\"article:publisher\" content=\"https:\/\/www.facebook.com\/profile.php?viewas=100000686899395&amp;id=100065098535411\" \/>\n<meta property=\"article:modified_time\" content=\"2022-07-13T13:05:53+00:00\" \/>\n<meta property=\"og:image\" content=\"https:\/\/dentxsolutions.com\/wp\/wp-content\/uploads\/2022\/06\/exocad-logo-purple-CMYK-2.png\" \/>\n<meta name=\"twitter:card\" content=\"summary_large_image\" \/>\n<meta name=\"twitter:label1\" content=\"Dur\u00e9e de lecture estim\u00e9e\" \/>\n\t<meta name=\"twitter:data1\" content=\"2 minutes\" \/>\n<script type=\"application\/ld+json\" class=\"yoast-schema-graph\">{\"@context\":\"https:\\\/\\\/schema.org\",\"@graph\":[{\"@type\":\"WebPage\",\"@id\":\"https:\\\/\\\/dentxsolutions.com\\\/fr\\\/logiciel-2\\\/\",\"url\":\"https:\\\/\\\/dentxsolutions.com\\\/fr\\\/logiciel-2\\\/\",\"name\":\"Logiciel - Dentx Solutions\",\"isPartOf\":{\"@id\":\"https:\\\/\\\/dentxsolutions.com\\\/fr\\\/#website\"},\"primaryImageOfPage\":{\"@id\":\"https:\\\/\\\/dentxsolutions.com\\\/fr\\\/logiciel-2\\\/#primaryimage\"},\"image\":{\"@id\":\"https:\\\/\\\/dentxsolutions.com\\\/fr\\\/logiciel-2\\\/#primaryimage\"},\"thumbnailUrl\":\"https:\\\/\\\/dentxsolutions.com\\\/wp\\\/wp-content\\\/uploads\\\/2022\\\/06\\\/exocad-logo-purple-CMYK-2.png\",\"datePublished\":\"2022-01-24T04:18:32+00:00\",\"dateModified\":\"2022-07-13T13:05:53+00:00\",\"breadcrumb\":{\"@id\":\"https:\\\/\\\/dentxsolutions.com\\\/fr\\\/logiciel-2\\\/#breadcrumb\"},\"inLanguage\":\"fr-FR\",\"potentialAction\":[{\"@type\":\"ReadAction\",\"target\":[\"https:\\\/\\\/dentxsolutions.com\\\/fr\\\/logiciel-2\\\/\"]}]},{\"@type\":\"ImageObject\",\"inLanguage\":\"fr-FR\",\"@id\":\"https:\\\/\\\/dentxsolutions.com\\\/fr\\\/logiciel-2\\\/#primaryimage\",\"url\":\"https:\\\/\\\/dentxsolutions.com\\\/wp\\\/wp-content\\\/uploads\\\/2022\\\/06\\\/exocad-logo-purple-CMYK-2.png\",\"contentUrl\":\"https:\\\/\\\/dentxsolutions.com\\\/wp\\\/wp-content\\\/uploads\\\/2022\\\/06\\\/exocad-logo-purple-CMYK-2.png\"},{\"@type\":\"BreadcrumbList\",\"@id\":\"https:\\\/\\\/dentxsolutions.com\\\/fr\\\/logiciel-2\\\/#breadcrumb\",\"itemListElement\":[{\"@type\":\"ListItem\",\"position\":1,\"name\":\"Home\",\"item\":\"https:\\\/\\\/dentxsolutions.com\\\/fr\\\/\"},{\"@type\":\"ListItem\",\"position\":2,\"name\":\"Logiciel\"}]},{\"@type\":\"WebSite\",\"@id\":\"https:\\\/\\\/dentxsolutions.com\\\/fr\\\/#website\",\"url\":\"https:\\\/\\\/dentxsolutions.com\\\/fr\\\/\",\"name\":\"Dentx Solutions\",\"description\":\"\",\"publisher\":{\"@id\":\"https:\\\/\\\/dentxsolutions.com\\\/fr\\\/#organization\"},\"potentialAction\":[{\"@type\":\"SearchAction\",\"target\":{\"@type\":\"EntryPoint\",\"urlTemplate\":\"https:\\\/\\\/dentxsolutions.com\\\/fr\\\/?s={search_term_string}\"},\"query-input\":{\"@type\":\"PropertyValueSpecification\",\"valueRequired\":true,\"valueName\":\"search_term_string\"}}],\"inLanguage\":\"fr-FR\"},{\"@type\":\"Organization\",\"@id\":\"https:\\\/\\\/dentxsolutions.com\\\/fr\\\/#organization\",\"name\":\"Dentx Solutions\",\"url\":\"https:\\\/\\\/dentxsolutions.com\\\/fr\\\/\",\"logo\":{\"@type\":\"ImageObject\",\"inLanguage\":\"fr-FR\",\"@id\":\"https:\\\/\\\/dentxsolutions.com\\\/fr\\\/#\\\/schema\\\/logo\\\/image\\\/\",\"url\":\"https:\\\/\\\/dentxsolutions.com\\\/wp-content\\\/uploads\\\/2021\\\/12\\\/DentX_Logo_Icon-02-e1640605913277.png\",\"contentUrl\":\"https:\\\/\\\/dentxsolutions.com\\\/wp-content\\\/uploads\\\/2021\\\/12\\\/DentX_Logo_Icon-02-e1640605913277.png\",\"width\":511,\"height\":302,\"caption\":\"Dentx Solutions\"},\"image\":{\"@id\":\"https:\\\/\\\/dentxsolutions.com\\\/fr\\\/#\\\/schema\\\/logo\\\/image\\\/\"},\"sameAs\":[\"https:\\\/\\\/www.facebook.com\\\/profile.php?viewas=100000686899395&id=100065098535411\"]}]}<\/script>\n<!-- \/ Yoast SEO plugin. -->","yoast_head_json":{"title":"Logiciel - Dentx Solutions","robots":{"index":"index","follow":"follow","max-snippet":"max-snippet:-1","max-image-preview":"max-image-preview:large","max-video-preview":"max-video-preview:-1"},"canonical":"https:\/\/dentxsolutions.com\/fr\/logiciel-2\/","og_locale":"fr_FR","og_type":"article","og_title":"Logiciel - Dentx Solutions","og_description":"Votre libert\u00e9 est notre passion. Logiciel de CAO\/FAO dentaire innovant. \u00c0 propos d&rsquo;exocad exocad est une soci\u00e9t\u00e9 de logiciels de CFAO dentaire dynamique et innovante. exocad GmbH s&#039;engage \u00e0 \u00e9largir les possibilit\u00e9s de la dentisterie num\u00e9rique et \u00e0 fournir \u00e0 ses partenaires de distribution des logiciels flexibles, fiables et faciles \u00e0 utiliser. La technologie d&#039;exocad [&hellip;]","og_url":"https:\/\/dentxsolutions.com\/fr\/logiciel-2\/","og_site_name":"Dentx Solutions","article_publisher":"https:\/\/www.facebook.com\/profile.php?viewas=100000686899395&id=100065098535411","article_modified_time":"2022-07-13T13:05:53+00:00","og_image":[{"url":"https:\/\/dentxsolutions.com\/wp\/wp-content\/uploads\/2022\/06\/exocad-logo-purple-CMYK-2.png","type":"","width":"","height":""}],"twitter_card":"summary_large_image","twitter_misc":{"Dur\u00e9e de lecture estim\u00e9e":"2 minutes"},"schema":{"@context":"https:\/\/schema.org","@graph":[{"@type":"WebPage","@id":"https:\/\/dentxsolutions.com\/fr\/logiciel-2\/","url":"https:\/\/dentxsolutions.com\/fr\/logiciel-2\/","name":"Logiciel - Dentx Solutions","isPartOf":{"@id":"https:\/\/dentxsolutions.com\/fr\/#website"},"primaryImageOfPage":{"@id":"https:\/\/dentxsolutions.com\/fr\/logiciel-2\/#primaryimage"},"image":{"@id":"https:\/\/dentxsolutions.com\/fr\/logiciel-2\/#primaryimage"},"thumbnailUrl":"https:\/\/dentxsolutions.com\/wp\/wp-content\/uploads\/2022\/06\/exocad-logo-purple-CMYK-2.png","datePublished":"2022-01-24T04:18:32+00:00","dateModified":"2022-07-13T13:05:53+00:00","breadcrumb":{"@id":"https:\/\/dentxsolutions.com\/fr\/logiciel-2\/#breadcrumb"},"inLanguage":"fr-FR","potentialAction":[{"@type":"ReadAction","target":["https:\/\/dentxsolutions.com\/fr\/logiciel-2\/"]}]},{"@type":"ImageObject","inLanguage":"fr-FR","@id":"https:\/\/dentxsolutions.com\/fr\/logiciel-2\/#primaryimage","url":"https:\/\/dentxsolutions.com\/wp\/wp-content\/uploads\/2022\/06\/exocad-logo-purple-CMYK-2.png","contentUrl":"https:\/\/dentxsolutions.com\/wp\/wp-content\/uploads\/2022\/06\/exocad-logo-purple-CMYK-2.png"},{"@type":"BreadcrumbList","@id":"https:\/\/dentxsolutions.com\/fr\/logiciel-2\/#breadcrumb","itemListElement":[{"@type":"ListItem","position":1,"name":"Home","item":"https:\/\/dentxsolutions.com\/fr\/"},{"@type":"ListItem","position":2,"name":"Logiciel"}]},{"@type":"WebSite","@id":"https:\/\/dentxsolutions.com\/fr\/#website","url":"https:\/\/dentxsolutions.com\/fr\/","name":"Dentx Solutions","description":"","publisher":{"@id":"https:\/\/dentxsolutions.com\/fr\/#organization"},"potentialAction":[{"@type":"SearchAction","target":{"@type":"EntryPoint","urlTemplate":"https:\/\/dentxsolutions.com\/fr\/?s={search_term_string}"},"query-input":{"@type":"PropertyValueSpecification","valueRequired":true,"valueName":"search_term_string"}}],"inLanguage":"fr-FR"},{"@type":"Organization","@id":"https:\/\/dentxsolutions.com\/fr\/#organization","name":"Dentx Solutions","url":"https:\/\/dentxsolutions.com\/fr\/","logo":{"@type":"ImageObject","inLanguage":"fr-FR","@id":"https:\/\/dentxsolutions.com\/fr\/#\/schema\/logo\/image\/","url":"https:\/\/dentxsolutions.com\/wp-content\/uploads\/2021\/12\/DentX_Logo_Icon-02-e1640605913277.png","contentUrl":"https:\/\/dentxsolutions.com\/wp-content\/uploads\/2021\/12\/DentX_Logo_Icon-02-e1640605913277.png","width":511,"height":302,"caption":"Dentx Solutions"},"image":{"@id":"https:\/\/dentxsolutions.com\/fr\/#\/schema\/logo\/image\/"},"sameAs":["https:\/\/www.facebook.com\/profile.php?viewas=100000686899395&id=100065098535411"]}]}},"_links":{"self":[{"href":"https:\/\/dentxsolutions.com\/fr\/wp-json\/wp\/v2\/pages\/14437","targetHints":{"allow":["GET"]}}],"collection":[{"href":"https:\/\/dentxsolutions.com\/fr\/wp-json\/wp\/v2\/pages"}],"about":[{"href":"https:\/\/dentxsolutions.com\/fr\/wp-json\/wp\/v2\/types\/page"}],"author":[{"embeddable":true,"href":"https:\/\/dentxsolutions.com\/fr\/wp-json\/wp\/v2\/users\/1"}],"replies":[{"embeddable":true,"href":"https:\/\/dentxsolutions.com\/fr\/wp-json\/wp\/v2\/comments?post=14437"}],"version-history":[{"count":1,"href":"https:\/\/dentxsolutions.com\/fr\/wp-json\/wp\/v2\/pages\/14437\/revisions"}],"predecessor-version":[{"id":14450,"href":"https:\/\/dentxsolutions.com\/fr\/wp-json\/wp\/v2\/pages\/14437\/revisions\/14450"}],"wp:attachment":[{"href":"https:\/\/dentxsolutions.com\/fr\/wp-json\/wp\/v2\/media?parent=14437"}],"curies":[{"name":"wp","href":"https:\/\/api.w.org\/{rel}","templated":true}]}}