{"id":14395,"date":"2022-01-24T03:52:07","date_gmt":"2022-01-24T03:52:07","guid":{"rendered":"https:\/\/dentxsolutions.com\/ventes\/"},"modified":"2022-07-22T10:40:03","modified_gmt":"2022-07-22T10:40:03","slug":"ventes","status":"publish","type":"page","link":"https:\/\/dentxsolutions.com\/fr\/ventes\/","title":{"rendered":"Ventes"},"content":{"rendered":"\t\t<div data-elementor-type=\"wp-page\" data-elementor-id=\"14395\" class=\"elementor elementor-14395 elementor-10092\" data-elementor-post-type=\"page\">\n\t\t\t\t\t\t<section class=\"elementor-section elementor-top-section elementor-element elementor-element-45bd8e05 qodef-elementor-content-grid elementor-section-boxed elementor-section-height-default elementor-section-height-default\" data-id=\"45bd8e05\" data-element_type=\"section\" data-e-type=\"section\" data-settings=\"{&quot;background_background&quot;:&quot;classic&quot;}\">\n\t\t\t\t\t\t<div class=\"elementor-container elementor-column-gap-default\">\n\t\t\t\t\t<div class=\"elementor-column elementor-col-100 elementor-top-column elementor-element elementor-element-70adbcdf\" data-id=\"70adbcdf\" data-element_type=\"column\" data-e-type=\"column\">\n\t\t\t<div class=\"elementor-widget-wrap elementor-element-populated\">\n\t\t\t\t\t\t<div class=\"elementor-element elementor-element-f1923fe elementor-widget elementor-widget-heading\" data-id=\"f1923fe\" data-element_type=\"widget\" data-e-type=\"widget\" data-widget_type=\"heading.default\">\n\t\t\t\t<div class=\"elementor-widget-container\">\n\t\t\t\t\t<h1 class=\"elementor-heading-title elementor-size-default\">Pi\u00e8ces \u00e0 main<\/h1>\t\t\t\t<\/div>\n\t\t\t\t<\/div>\n\t\t\t\t<div class=\"elementor-element elementor-element-b0c74b6 elementor-widget elementor-widget-heading\" data-id=\"b0c74b6\" data-element_type=\"widget\" data-e-type=\"widget\" data-widget_type=\"heading.default\">\n\t\t\t\t<div class=\"elementor-widget-container\">\n\t\t\t\t\t<h2 class=\"elementor-heading-title elementor-size-default\">Pour les cliniciens et les techniciens dentaires  <\/h2>\t\t\t\t<\/div>\n\t\t\t\t<\/div>\n\t\t\t\t<section class=\"elementor-section elementor-inner-section elementor-element elementor-element-64ac8b29 elementor-section-full_width tabledental elementor-section-height-default elementor-section-height-default qodef-elementor-content-no\" data-id=\"64ac8b29\" data-element_type=\"section\" data-e-type=\"section\" data-settings=\"{&quot;background_background&quot;:&quot;classic&quot;}\">\n\t\t\t\t\t\t<div class=\"elementor-container elementor-column-gap-default\">\n\t\t\t\t\t<div class=\"elementor-column elementor-col-50 elementor-inner-column elementor-element elementor-element-ea811ab\" data-id=\"ea811ab\" data-element_type=\"column\" data-e-type=\"column\">\n\t\t\t<div class=\"elementor-widget-wrap elementor-element-populated\">\n\t\t\t\t\t\t<div class=\"elementor-element elementor-element-1438f23 elementor-widget elementor-widget-html\" data-id=\"1438f23\" data-element_type=\"widget\" data-e-type=\"widget\" data-widget_type=\"html.default\">\n\t\t\t\t<div class=\"elementor-widget-container\">\n\t\t\t\t\t<div class=\"qodef-shortcode qodef-m qodef-pricing-table qodef-layout--standard\">\n\t<div class=\"qodef-m-inner\">\n\t\t\t<div class=\"qodef-m-image\">\n\t\t<img loading=\"lazy\" decoding=\"async\" width=\"160\" height=\"70\" src=\"https:\/\/dentxsolutions.com\/wp\/wp-content\/uploads\/2022\/01\/Mk-Dent.png\" class=\"attachment-full size-full\" alt=\"\" loading=\"lazy\">\t<\/div>\n\t\t\t\t\t\t\t<div class=\"qodef-m-period\">\n\t\t<div>\u00c0 la recherche de l'excellence<\/div>\n\t<\/div>\n\t\t\t<div class=\"qodef-m-content\"><p>MK-dent r\u00e9sout les probl\u00e8mes les plus importants de la dentisterie d'aujourd'hui avec des personnes talentueuses qui partagent notre passion pour changer le monde. L'obsession de Mk-dent de cr\u00e9er de meilleurs produits dentaires permet \u00e0 des milliers de dentistes d'\u00eatre autonomes et d'aider des millions de patients souffrant de maladies bucco-dentaires dans le monde. Aujourd'hui, MK-dent est l'un des principaux fabricants d'instruments dans l'industrie dentaire.<\/p><\/div>\n\t\t\t<div class=\"qodef-m-button clear\">\n\t\t<a class=\"qodef-shortcode qodef-m qodef-button qodef-layout--textual qodef-html--link \" href=\"https:\/\/dentxsolutions.com\/wp\/wp-content\/uploads\/2021\/12\/MK-dent_Catalogue_2019-B.pdf\" target=\"_blank\" style=\"margin: 19px 0px 0px 0px\">\t<span class=\"qodef-m-text\">T\u00e9l\u00e9charger le catalogue<\/span>\t<svg xmlns=\"http:\/\/www.w3.org\/2000\/svg\" xmlns:xlink=\"http:\/\/www.w3.org\/1999\/xlink\" viewbox=\"0 0 38.3 38.3\" class=\"qodef-decoration\"><path d=\"M1.1,19.1c0,9.9,8.1,18,18,18s18-8.1,18-18s-8.1-18-18-18S1.1,9.2,1.1,19.1L1.1,19.1z\"><\/path><path class=\"round\" d=\"M1.1,19.1c0,9.9,8.1,18,18,18s18-8.1,18-18s-8.1-18-18-18S1.1,9.2,1.1,19.1L1.1,19.1z\"><\/path><polyline points=\"16.4,24.6 21.9,19.1 16.4,13.7\"><\/polyline><\/svg><\/a>\t<\/div>\n\t<\/div>\n<\/div>\t\t\t\t<\/div>\n\t\t\t\t<\/div>\n\t\t\t\t\t<\/div>\n\t\t<\/div>\n\t\t\t\t<div class=\"elementor-column elementor-col-50 elementor-inner-column elementor-element elementor-element-5425f972\" data-id=\"5425f972\" data-element_type=\"column\" data-e-type=\"column\">\n\t\t\t<div class=\"elementor-widget-wrap elementor-element-populated\">\n\t\t\t\t\t\t<div class=\"elementor-element elementor-element-6a25048 elementor-widget elementor-widget-html\" data-id=\"6a25048\" data-element_type=\"widget\" data-e-type=\"widget\" data-widget_type=\"html.default\">\n\t\t\t\t<div class=\"elementor-widget-container\">\n\t\t\t\t\t<div class=\"qodef-shortcode qodef-m qodef-pricing-table qodef-layout--standard\">\n\t<div class=\"qodef-m-inner\">\n\t\t\t<div class=\"qodef-m-image\">\n\t\t<img loading=\"lazy\" decoding=\"async\" width=\"160\" height=\"70\" src=\"https:\/\/dentxsolutions.com\/wp\/wp-content\/uploads\/2022\/01\/Sable.png\" class=\"attachment-full size-full\" alt=\"\" loading=\"lazy\">\t<\/div>\n\t\t\t\t\t\t\t<div class=\"qodef-m-period\">\n\t\t<div>Un parcours jalonn\u00e9 d'accolades et de r\u00e9compenses<\/div>\n\t<\/div>\n\t\t\t<div class=\"qodef-m-content\"><p>Sable Industries Inc. a obtenu des accolades et des prix pour ses pi\u00e8ces \u00e0 main \u00e0 haute et \u00e0 basse vitesse. Les professionnels dentaires appr\u00e9cient la grande valeur, \u00e0 court et \u00e0 long terme, de l'achat de Sable. Beaucoup indiquent qu'ils \u00e9changent nos pi\u00e8ces \u00e0 main Sable entre les proc\u00e9dures avec d'autres pi\u00e8ces \u00e0 main haut de gamme deux fois plus ch\u00e8res !<\/p><\/div>\n\t\t\t<div class=\"qodef-m-button clear\">\n\t\t<a class=\"qodef-shortcode qodef-m qodef-button qodef-layout--textual qodef-html--link \" href=\"https:\/\/dentxsolutions.com\/wp\/wp-content\/uploads\/2021\/12\/Sable_Catalogue_V9_LIT-0201-2019A_REV_1.10.pdf\" target=\"_blank\" style=\"margin: 19px 0px 0px 0px\">\t<span class=\"qodef-m-text\">T\u00e9l\u00e9charger le catalogue<\/span>\t<svg xmlns=\"http:\/\/www.w3.org\/2000\/svg\" xmlns:xlink=\"http:\/\/www.w3.org\/1999\/xlink\" viewbox=\"0 0 38.3 38.3\" class=\"qodef-decoration\"><path d=\"M1.1,19.1c0,9.9,8.1,18,18,18s18-8.1,18-18s-8.1-18-18-18S1.1,9.2,1.1,19.1L1.1,19.1z\"><\/path><path class=\"round\" d=\"M1.1,19.1c0,9.9,8.1,18,18,18s18-8.1,18-18s-8.1-18-18-18S1.1,9.2,1.1,19.1L1.1,19.1z\"><\/path><polyline points=\"16.4,24.6 21.9,19.1 16.4,13.7\"><\/polyline><\/svg><\/a>\t<\/div>\n\t<\/div>\n<\/div>\t\t\t\t<\/div>\n\t\t\t\t<\/div>\n\t\t\t\t\t<\/div>\n\t\t<\/div>\n\t\t\t\t\t<\/div>\n\t\t<\/section>\n\t\t\t\t\t<\/div>\n\t\t<\/div>\n\t\t\t\t\t<\/div>\n\t\t<\/section>\n\t\t\t\t<\/div>\n\t\t","protected":false},"excerpt":{"rendered":"<p>Pi\u00e8ces \u00e0 main Pour les cliniciens et les techniciens dentaires \u00c0 la recherche de l&rsquo;excellence MK-dent r\u00e9sout les probl\u00e8mes les plus importants de la dentisterie d&rsquo;aujourd&rsquo;hui avec des personnes talentueuses qui partagent notre passion pour changer le monde. L&rsquo;obsession de Mk-dent de cr\u00e9er de meilleurs produits dentaires permet \u00e0 des milliers de dentistes d&rsquo;\u00eatre autonomes [&hellip;]<\/p>\n","protected":false},"author":1,"featured_media":0,"parent":0,"menu_order":0,"comment_status":"closed","ping_status":"closed","template":"page-full-width.php","meta":{"_coblocks_attr":"","_coblocks_dimensions":"","_coblocks_responsive_height":"","_coblocks_accordion_ie_support":"","footnotes":""},"class_list":["post-14395","page","type-page","status-publish","hentry"],"yoast_head":"<!-- This site is optimized with the Yoast SEO plugin v27.4 - https:\/\/yoast.com\/product\/yoast-seo-wordpress\/ -->\n<title>Ventes - Dentx Solutions<\/title>\n<meta name=\"robots\" content=\"index, follow, max-snippet:-1, max-image-preview:large, max-video-preview:-1\" \/>\n<link rel=\"canonical\" href=\"https:\/\/dentxsolutions.com\/fr\/ventes\/\" \/>\n<meta property=\"og:locale\" content=\"fr_FR\" \/>\n<meta property=\"og:type\" content=\"article\" \/>\n<meta property=\"og:title\" content=\"Ventes - Dentx Solutions\" \/>\n<meta property=\"og:description\" content=\"Pi\u00e8ces \u00e0 main Pour les cliniciens et les techniciens dentaires \u00c0 la recherche de l&rsquo;excellence MK-dent r\u00e9sout les probl\u00e8mes les plus importants de la dentisterie d&rsquo;aujourd&rsquo;hui avec des personnes talentueuses qui partagent notre passion pour changer le monde. L&rsquo;obsession de Mk-dent de cr\u00e9er de meilleurs produits dentaires permet \u00e0 des milliers de dentistes d&rsquo;\u00eatre autonomes [&hellip;]\" \/>\n<meta property=\"og:url\" content=\"https:\/\/dentxsolutions.com\/fr\/ventes\/\" \/>\n<meta property=\"og:site_name\" content=\"Dentx Solutions\" \/>\n<meta property=\"article:publisher\" content=\"https:\/\/www.facebook.com\/profile.php?viewas=100000686899395&amp;id=100065098535411\" \/>\n<meta property=\"article:modified_time\" content=\"2022-07-22T10:40:03+00:00\" \/>\n<meta property=\"og:image\" content=\"https:\/\/dentxsolutions.com\/wp\/wp-content\/uploads\/2022\/01\/Mk-Dent.png\" \/>\n<meta name=\"twitter:card\" content=\"summary_large_image\" \/>\n<meta name=\"twitter:label1\" content=\"Dur\u00e9e de lecture estim\u00e9e\" \/>\n\t<meta name=\"twitter:data1\" content=\"1 minute\" \/>\n<script type=\"application\/ld+json\" class=\"yoast-schema-graph\">{\"@context\":\"https:\\\/\\\/schema.org\",\"@graph\":[{\"@type\":\"WebPage\",\"@id\":\"https:\\\/\\\/dentxsolutions.com\\\/fr\\\/ventes\\\/\",\"url\":\"https:\\\/\\\/dentxsolutions.com\\\/fr\\\/ventes\\\/\",\"name\":\"Ventes - Dentx Solutions\",\"isPartOf\":{\"@id\":\"https:\\\/\\\/dentxsolutions.com\\\/fr\\\/#website\"},\"primaryImageOfPage\":{\"@id\":\"https:\\\/\\\/dentxsolutions.com\\\/fr\\\/ventes\\\/#primaryimage\"},\"image\":{\"@id\":\"https:\\\/\\\/dentxsolutions.com\\\/fr\\\/ventes\\\/#primaryimage\"},\"thumbnailUrl\":\"https:\\\/\\\/dentxsolutions.com\\\/wp\\\/wp-content\\\/uploads\\\/2022\\\/01\\\/Mk-Dent.png\",\"datePublished\":\"2022-01-24T03:52:07+00:00\",\"dateModified\":\"2022-07-22T10:40:03+00:00\",\"breadcrumb\":{\"@id\":\"https:\\\/\\\/dentxsolutions.com\\\/fr\\\/ventes\\\/#breadcrumb\"},\"inLanguage\":\"fr-FR\",\"potentialAction\":[{\"@type\":\"ReadAction\",\"target\":[\"https:\\\/\\\/dentxsolutions.com\\\/fr\\\/ventes\\\/\"]}]},{\"@type\":\"ImageObject\",\"inLanguage\":\"fr-FR\",\"@id\":\"https:\\\/\\\/dentxsolutions.com\\\/fr\\\/ventes\\\/#primaryimage\",\"url\":\"https:\\\/\\\/dentxsolutions.com\\\/wp\\\/wp-content\\\/uploads\\\/2022\\\/01\\\/Mk-Dent.png\",\"contentUrl\":\"https:\\\/\\\/dentxsolutions.com\\\/wp\\\/wp-content\\\/uploads\\\/2022\\\/01\\\/Mk-Dent.png\"},{\"@type\":\"BreadcrumbList\",\"@id\":\"https:\\\/\\\/dentxsolutions.com\\\/fr\\\/ventes\\\/#breadcrumb\",\"itemListElement\":[{\"@type\":\"ListItem\",\"position\":1,\"name\":\"Home\",\"item\":\"https:\\\/\\\/dentxsolutions.com\\\/fr\\\/\"},{\"@type\":\"ListItem\",\"position\":2,\"name\":\"Ventes\"}]},{\"@type\":\"WebSite\",\"@id\":\"https:\\\/\\\/dentxsolutions.com\\\/fr\\\/#website\",\"url\":\"https:\\\/\\\/dentxsolutions.com\\\/fr\\\/\",\"name\":\"Dentx Solutions\",\"description\":\"\",\"publisher\":{\"@id\":\"https:\\\/\\\/dentxsolutions.com\\\/fr\\\/#organization\"},\"potentialAction\":[{\"@type\":\"SearchAction\",\"target\":{\"@type\":\"EntryPoint\",\"urlTemplate\":\"https:\\\/\\\/dentxsolutions.com\\\/fr\\\/?s={search_term_string}\"},\"query-input\":{\"@type\":\"PropertyValueSpecification\",\"valueRequired\":true,\"valueName\":\"search_term_string\"}}],\"inLanguage\":\"fr-FR\"},{\"@type\":\"Organization\",\"@id\":\"https:\\\/\\\/dentxsolutions.com\\\/fr\\\/#organization\",\"name\":\"Dentx Solutions\",\"url\":\"https:\\\/\\\/dentxsolutions.com\\\/fr\\\/\",\"logo\":{\"@type\":\"ImageObject\",\"inLanguage\":\"fr-FR\",\"@id\":\"https:\\\/\\\/dentxsolutions.com\\\/fr\\\/#\\\/schema\\\/logo\\\/image\\\/\",\"url\":\"https:\\\/\\\/dentxsolutions.com\\\/wp-content\\\/uploads\\\/2021\\\/12\\\/DentX_Logo_Icon-02-e1640605913277.png\",\"contentUrl\":\"https:\\\/\\\/dentxsolutions.com\\\/wp-content\\\/uploads\\\/2021\\\/12\\\/DentX_Logo_Icon-02-e1640605913277.png\",\"width\":511,\"height\":302,\"caption\":\"Dentx Solutions\"},\"image\":{\"@id\":\"https:\\\/\\\/dentxsolutions.com\\\/fr\\\/#\\\/schema\\\/logo\\\/image\\\/\"},\"sameAs\":[\"https:\\\/\\\/www.facebook.com\\\/profile.php?viewas=100000686899395&id=100065098535411\"]}]}<\/script>\n<!-- \/ Yoast SEO plugin. -->","yoast_head_json":{"title":"Ventes - Dentx Solutions","robots":{"index":"index","follow":"follow","max-snippet":"max-snippet:-1","max-image-preview":"max-image-preview:large","max-video-preview":"max-video-preview:-1"},"canonical":"https:\/\/dentxsolutions.com\/fr\/ventes\/","og_locale":"fr_FR","og_type":"article","og_title":"Ventes - Dentx Solutions","og_description":"Pi\u00e8ces \u00e0 main Pour les cliniciens et les techniciens dentaires \u00c0 la recherche de l&rsquo;excellence MK-dent r\u00e9sout les probl\u00e8mes les plus importants de la dentisterie d&rsquo;aujourd&rsquo;hui avec des personnes talentueuses qui partagent notre passion pour changer le monde. L&rsquo;obsession de Mk-dent de cr\u00e9er de meilleurs produits dentaires permet \u00e0 des milliers de dentistes d&rsquo;\u00eatre autonomes [&hellip;]","og_url":"https:\/\/dentxsolutions.com\/fr\/ventes\/","og_site_name":"Dentx Solutions","article_publisher":"https:\/\/www.facebook.com\/profile.php?viewas=100000686899395&id=100065098535411","article_modified_time":"2022-07-22T10:40:03+00:00","og_image":[{"url":"https:\/\/dentxsolutions.com\/wp\/wp-content\/uploads\/2022\/01\/Mk-Dent.png","type":"","width":"","height":""}],"twitter_card":"summary_large_image","twitter_misc":{"Dur\u00e9e de lecture estim\u00e9e":"1 minute"},"schema":{"@context":"https:\/\/schema.org","@graph":[{"@type":"WebPage","@id":"https:\/\/dentxsolutions.com\/fr\/ventes\/","url":"https:\/\/dentxsolutions.com\/fr\/ventes\/","name":"Ventes - Dentx Solutions","isPartOf":{"@id":"https:\/\/dentxsolutions.com\/fr\/#website"},"primaryImageOfPage":{"@id":"https:\/\/dentxsolutions.com\/fr\/ventes\/#primaryimage"},"image":{"@id":"https:\/\/dentxsolutions.com\/fr\/ventes\/#primaryimage"},"thumbnailUrl":"https:\/\/dentxsolutions.com\/wp\/wp-content\/uploads\/2022\/01\/Mk-Dent.png","datePublished":"2022-01-24T03:52:07+00:00","dateModified":"2022-07-22T10:40:03+00:00","breadcrumb":{"@id":"https:\/\/dentxsolutions.com\/fr\/ventes\/#breadcrumb"},"inLanguage":"fr-FR","potentialAction":[{"@type":"ReadAction","target":["https:\/\/dentxsolutions.com\/fr\/ventes\/"]}]},{"@type":"ImageObject","inLanguage":"fr-FR","@id":"https:\/\/dentxsolutions.com\/fr\/ventes\/#primaryimage","url":"https:\/\/dentxsolutions.com\/wp\/wp-content\/uploads\/2022\/01\/Mk-Dent.png","contentUrl":"https:\/\/dentxsolutions.com\/wp\/wp-content\/uploads\/2022\/01\/Mk-Dent.png"},{"@type":"BreadcrumbList","@id":"https:\/\/dentxsolutions.com\/fr\/ventes\/#breadcrumb","itemListElement":[{"@type":"ListItem","position":1,"name":"Home","item":"https:\/\/dentxsolutions.com\/fr\/"},{"@type":"ListItem","position":2,"name":"Ventes"}]},{"@type":"WebSite","@id":"https:\/\/dentxsolutions.com\/fr\/#website","url":"https:\/\/dentxsolutions.com\/fr\/","name":"Dentx Solutions","description":"","publisher":{"@id":"https:\/\/dentxsolutions.com\/fr\/#organization"},"potentialAction":[{"@type":"SearchAction","target":{"@type":"EntryPoint","urlTemplate":"https:\/\/dentxsolutions.com\/fr\/?s={search_term_string}"},"query-input":{"@type":"PropertyValueSpecification","valueRequired":true,"valueName":"search_term_string"}}],"inLanguage":"fr-FR"},{"@type":"Organization","@id":"https:\/\/dentxsolutions.com\/fr\/#organization","name":"Dentx Solutions","url":"https:\/\/dentxsolutions.com\/fr\/","logo":{"@type":"ImageObject","inLanguage":"fr-FR","@id":"https:\/\/dentxsolutions.com\/fr\/#\/schema\/logo\/image\/","url":"https:\/\/dentxsolutions.com\/wp-content\/uploads\/2021\/12\/DentX_Logo_Icon-02-e1640605913277.png","contentUrl":"https:\/\/dentxsolutions.com\/wp-content\/uploads\/2021\/12\/DentX_Logo_Icon-02-e1640605913277.png","width":511,"height":302,"caption":"Dentx Solutions"},"image":{"@id":"https:\/\/dentxsolutions.com\/fr\/#\/schema\/logo\/image\/"},"sameAs":["https:\/\/www.facebook.com\/profile.php?viewas=100000686899395&id=100065098535411"]}]}},"_links":{"self":[{"href":"https:\/\/dentxsolutions.com\/fr\/wp-json\/wp\/v2\/pages\/14395","targetHints":{"allow":["GET"]}}],"collection":[{"href":"https:\/\/dentxsolutions.com\/fr\/wp-json\/wp\/v2\/pages"}],"about":[{"href":"https:\/\/dentxsolutions.com\/fr\/wp-json\/wp\/v2\/types\/page"}],"author":[{"embeddable":true,"href":"https:\/\/dentxsolutions.com\/fr\/wp-json\/wp\/v2\/users\/1"}],"replies":[{"embeddable":true,"href":"https:\/\/dentxsolutions.com\/fr\/wp-json\/wp\/v2\/comments?post=14395"}],"version-history":[{"count":4,"href":"https:\/\/dentxsolutions.com\/fr\/wp-json\/wp\/v2\/pages\/14395\/revisions"}],"predecessor-version":[{"id":14925,"href":"https:\/\/dentxsolutions.com\/fr\/wp-json\/wp\/v2\/pages\/14395\/revisions\/14925"}],"wp:attachment":[{"href":"https:\/\/dentxsolutions.com\/fr\/wp-json\/wp\/v2\/media?parent=14395"}],"curies":[{"name":"wp","href":"https:\/\/api.w.org\/{rel}","templated":true}]}}